{"id":381,"date":"2023-04-10T14:27:03","date_gmt":"2023-04-10T12:27:03","guid":{"rendered":"https:\/\/uv03twbzltn.preview.infomaniak.website\/?page_id=381"},"modified":"2026-01-08T09:13:42","modified_gmt":"2026-01-08T08:13:42","slug":"antwerp-is-a-ghosttown","status":"publish","type":"page","link":"https:\/\/lumlux-art.com\/pt\/antwerp-is-a-ghosttown\/","title":{"rendered":"Antwerp is a \u201cGhosttown\u201d"},"content":{"rendered":"<h2 class=\"wp-block-heading\" id=\"h-antwerp-s-streets-echo-with-silence-my-haunting-photos-of-a-city-frozen-by-covid\" style=\"border-style:none;border-width:0px;margin-top:var(--wp--preset--spacing--50);margin-bottom:var(--wp--preset--spacing--50)\">As ruas de Antu\u00e9rpia ecoam com o sil\u00eancio - As minhas fotografias assombrosas de uma cidade congelada pela Covid<\/h2>\n\n\n\n<p class=\"wp-block-paragraph\" style=\"padding-top:0;padding-bottom:0\">A pandemia paralisou muitas cidades em todo o mundo, e Antu\u00e9rpia n\u00e3o foi excep\u00e7\u00e3o. Enquanto percorria as ruas vazias com a minha m\u00e1quina fotogr\u00e1fica na m\u00e3o, n\u00e3o pude deixar de me sentir como se estivesse numa cidade fantasma.<\/p>\n\n\n\n<p class=\"wp-block-paragraph\" style=\"padding-top:0;padding-bottom:0\">As ruas, outrora movimentadas, estavam agora desertas, com lojas e caf\u00e9s fechados, lembrando constantemente o impacto da pandemia. Nas minhas fotografias, a quietude \u00e9 palp\u00e1vel - a aus\u00eancia de pessoas, a aus\u00eancia de som, a aus\u00eancia de vida.<\/p>\n\n\n\n<p class=\"wp-block-paragraph\" style=\"padding-top:0;padding-bottom:0\">Mas no meio desta quietude misteriosa, havia tamb\u00e9m uma sensa\u00e7\u00e3o de resili\u00eancia. A cidade pode ter sido congelada no tempo, mas o seu esp\u00edrito permaneceu intacto. E enquanto captava estas imagens assombrosas, n\u00e3o pude deixar de me maravilhar com a beleza das ruas vazias de Antu\u00e9rpia - uma recorda\u00e7\u00e3o crua do poder e da imprevisibilidade do mundo que nos rodeia.<\/p>\n\n\n\n<div class=\"wp-block-group\"><div class=\"wp-block-group__inner-container is-layout-constrained wp-block-group-is-layout-constrained\">\n<figure class=\"wp-block-gallery has-nested-images columns-default is-cropped is-style-rectangular wp-block-gallery-1 is-layout-flex wp-block-gallery-is-layout-flex\">\n<figure class=\"wp-block-image size-large has-custom-border\" style=\"margin-top:var(--wp--preset--spacing--60);margin-bottom:var(--wp--preset--spacing--60)\"><img decoding=\"async\" data-id=\"380\" src=\"https:\/\/uv03twbzltn.preview.infomaniak.website\/wp-content\/uploads\/2023\/03\/dsc6264.jpg\" alt=\"\" class=\"wp-image-380\" style=\"border-width:12px\"\/><figcaption class=\"wp-element-caption\">FDR-lumlux-art.com<\/figcaption><\/figure>\n<\/figure>\n\n\n\n<figure class=\"wp-block-gallery has-nested-images columns-default is-cropped wp-block-gallery-2 is-layout-flex wp-block-gallery-is-layout-flex\">\n<figure class=\"wp-block-image size-large has-custom-border\" style=\"margin-top:var(--wp--preset--spacing--60);margin-right:0;margin-bottom:var(--wp--preset--spacing--60);margin-left:0\"><img decoding=\"async\" data-id=\"387\" src=\"https:\/\/uv03twbzltn.preview.infomaniak.website\/wp-content\/uploads\/2023\/03\/dsc6291.jpg\" alt=\"\" class=\"wp-image-387\" style=\"border-width:12px\"\/><figcaption class=\"wp-element-caption\">Fdr \u2013 Lumlux-Art.com<\/figcaption><\/figure>\n<\/figure>\n<\/div><\/div>\n\n\n\n<figure class=\"wp-block-gallery has-nested-images columns-default is-cropped wp-block-gallery-3 is-layout-flex wp-block-gallery-is-layout-flex\">\n<figure class=\"wp-block-image size-large has-custom-border\" style=\"margin-top:0;margin-bottom:0\"><img decoding=\"async\" data-id=\"390\" src=\"https:\/\/uv03twbzltn.preview.infomaniak.website\/wp-content\/uploads\/2023\/03\/dsc6305.jpg\" alt=\"\" class=\"wp-image-390\" style=\"border-width:12px\"\/><figcaption class=\"wp-element-caption\">Fdr \u2013 Lumlux-Art.com<\/figcaption><\/figure>\n<\/figure>\n\n\n\n<figure class=\"wp-block-gallery has-nested-images columns-default is-cropped wp-block-gallery-4 is-layout-flex wp-block-gallery-is-layout-flex\">\n<figure class=\"wp-block-image size-large has-custom-border\" style=\"margin-top:var(--wp--preset--spacing--60);margin-bottom:var(--wp--preset--spacing--60)\"><img decoding=\"async\" data-id=\"393\" src=\"https:\/\/uv03twbzltn.preview.infomaniak.website\/wp-content\/uploads\/2023\/03\/dsc6324-1.jpg\" alt=\"\" class=\"wp-image-393\" style=\"border-width:12px\"\/><figcaption class=\"wp-element-caption\">Fdr \u2013 Lumlux-Art.com<\/figcaption><\/figure>\n<\/figure>\n\n\n\n<figure class=\"wp-block-gallery has-nested-images columns-default is-cropped is-style-rectangular wp-block-gallery-5 is-layout-flex wp-block-gallery-is-layout-flex\">\n<figure class=\"wp-block-image size-large has-custom-border\"><img decoding=\"async\" data-id=\"394\" src=\"https:\/\/uv03twbzltn.preview.infomaniak.website\/wp-content\/uploads\/2023\/03\/dsc6349.jpg\" alt=\"\" class=\"wp-image-394\" style=\"border-width:12px\"\/><figcaption class=\"wp-element-caption\">Fdr \u2013 Lumlux-Art.com<\/figcaption><\/figure>\n<\/figure>\n\n\n\n<figure class=\"wp-block-gallery has-nested-images columns-default is-cropped wp-block-gallery-6 is-layout-flex wp-block-gallery-is-layout-flex\">\n<figure class=\"wp-block-image size-large has-custom-border\" style=\"margin-top:var(--wp--preset--spacing--60);margin-bottom:var(--wp--preset--spacing--60)\"><img decoding=\"async\" data-id=\"395\" src=\"https:\/\/uv03twbzltn.preview.infomaniak.website\/wp-content\/uploads\/2023\/03\/dsc6367.jpg\" alt=\"\" class=\"wp-image-395\" style=\"border-width:12px\"\/><figcaption class=\"wp-element-caption\">Fdr \u2013 Lumlux-Art.com<\/figcaption><\/figure>\n<\/figure>\n\n\n\n<figure class=\"wp-block-gallery has-nested-images columns-default is-cropped wp-block-gallery-7 is-layout-flex wp-block-gallery-is-layout-flex\">\n<figure class=\"wp-block-image size-large has-custom-border\"><img decoding=\"async\" data-id=\"396\" src=\"https:\/\/uv03twbzltn.preview.infomaniak.website\/wp-content\/uploads\/2023\/03\/dsc6379.jpg\" alt=\"\" class=\"wp-image-396\" style=\"border-width:12px\"\/><figcaption class=\"wp-element-caption\">Fdr \u2013 Lumlux-Art.com<\/figcaption><\/figure>\n<\/figure>\n\n\n\n<figure class=\"wp-block-gallery has-nested-images columns-default is-cropped wp-block-gallery-8 is-layout-flex wp-block-gallery-is-layout-flex\">\n<figure class=\"wp-block-image size-large has-custom-border\" style=\"margin-top:var(--wp--preset--spacing--60);margin-bottom:var(--wp--preset--spacing--60)\"><img decoding=\"async\" data-id=\"398\" src=\"https:\/\/uv03twbzltn.preview.infomaniak.website\/wp-content\/uploads\/2023\/03\/dsc6386.jpg\" alt=\"\" class=\"wp-image-398\" style=\"border-width:12px\"\/><figcaption class=\"wp-element-caption\">Fdr \u2013 Lumlux-Art.com<\/figcaption><\/figure>\n<\/figure>\n\n\n\n<figure class=\"wp-block-gallery has-nested-images columns-default is-cropped wp-block-gallery-9 is-layout-flex wp-block-gallery-is-layout-flex\">\n<figure class=\"wp-block-image size-large has-custom-border\"><img decoding=\"async\" data-id=\"399\" src=\"https:\/\/uv03twbzltn.preview.infomaniak.website\/wp-content\/uploads\/2023\/03\/img_20200426_131847_661.jpg\" alt=\"\" class=\"wp-image-399\" style=\"border-width:12px\"\/><figcaption class=\"wp-element-caption\">Fdr \u2013 Lumlux-Art.com<\/figcaption><\/figure>\n<\/figure>\n\n\n\n<ul class=\"wp-block-social-links is-layout-flex wp-block-social-links-is-layout-flex\"><\/ul>","protected":false},"excerpt":{"rendered":"<p>Antwerp&#8217;s Streets Echo with Silence &#8211; My Haunting Photos of a City Frozen by Covid&#8221; The pandemic brought many cities around the world to a standstill, and Antwerp was no exception. As I roamed the empty streets with my camera in hand, I couldn&#8217;t help but feel like I was in a ghost town. The&#8230;<\/p>","protected":false},"author":233238846,"featured_media":399,"parent":0,"menu_order":0,"comment_status":"closed","ping_status":"closed","template":"","meta":{"_crdt_document":"","_kadence_starter_templates_imported_post":false,"_kad_post_transparent":"","_kad_post_title":"","_kad_post_layout":"","_kad_post_sidebar_id":"","_kad_post_content_style":"","_kad_post_vertical_padding":"","_kad_post_feature":"","_kad_post_feature_position":"","_kad_post_header":false,"_kad_post_footer":false,"_kad_post_classname":"","footnotes":""},"class_list":["post-381","page","type-page","status-publish","has-post-thumbnail","hentry"],"yoast_head":"<!-- This site is optimized with the Yoast SEO Premium plugin v27.5 (Yoast SEO v27.5) - https:\/\/yoast.com\/product\/yoast-seo-premium-wordpress\/ -->\n<title>Antwerp is a &quot;Ghosttown&quot; - Lumlux Art<\/title>\n<meta name=\"robots\" content=\"index, follow, max-snippet:-1, max-image-preview:large, max-video-preview:-1\" \/>\n<link rel=\"canonical\" href=\"http:\/\/lumlux-art.com\/pt\/antwerp-is-a-ghosttown\/\" \/>\n<meta property=\"og:locale\" content=\"pt_PT\" \/>\n<meta property=\"og:type\" content=\"article\" \/>\n<meta property=\"og:title\" content=\"Antwerp is a &quot;Ghosttown&quot;\" \/>\n<meta property=\"og:description\" content=\"Antwerp&#8217;s Streets Echo with Silence &#8211; My Haunting Photos of a City Frozen by Covid&#8221; The pandemic brought many cities around the world to a standstill, and Antwerp was no exception. As I roamed the empty streets with my camera in hand, I couldn&#8217;t help but feel like I was in a ghost town. The...\" \/>\n<meta property=\"og:url\" content=\"http:\/\/lumlux-art.com\/pt\/antwerp-is-a-ghosttown\/\" \/>\n<meta property=\"og:site_name\" content=\"Lumlux Art\" \/>\n<meta property=\"article:publisher\" content=\"https:\/\/www.facebook.com\/LumluxArt\" \/>\n<meta property=\"article:modified_time\" content=\"2026-01-08T08:13:42+00:00\" \/>\n<meta property=\"og:image\" content=\"http:\/\/lumlux-art.com\/wp-content\/uploads\/2023\/03\/img_20200426_131847_661-scaled.jpg\" \/>\n\t<meta property=\"og:image:width\" content=\"2560\" \/>\n\t<meta property=\"og:image:height\" content=\"2560\" \/>\n\t<meta property=\"og:image:type\" content=\"image\/jpeg\" \/>\n<meta name=\"twitter:card\" content=\"summary_large_image\" \/>\n<meta name=\"twitter:label1\" content=\"Tempo estimado de leitura\" \/>\n\t<meta name=\"twitter:data1\" content=\"3 minutos\" \/>\n<script type=\"application\/ld+json\" class=\"yoast-schema-graph\">{\"@context\":\"https:\\\/\\\/schema.org\",\"@graph\":[{\"@type\":\"WebPage\",\"@id\":\"http:\\\/\\\/lumlux-art.com\\\/pt\\\/antwerp-is-a-ghosttown\\\/\",\"url\":\"http:\\\/\\\/lumlux-art.com\\\/pt\\\/antwerp-is-a-ghosttown\\\/\",\"name\":\"Antwerp is a \\\"Ghosttown\\\" - Lumlux Art\",\"isPartOf\":{\"@id\":\"http:\\\/\\\/lumlux-art.com\\\/en\\\/#website\"},\"primaryImageOfPage\":{\"@id\":\"http:\\\/\\\/lumlux-art.com\\\/pt\\\/antwerp-is-a-ghosttown\\\/#primaryimage\"},\"image\":{\"@id\":\"http:\\\/\\\/lumlux-art.com\\\/pt\\\/antwerp-is-a-ghosttown\\\/#primaryimage\"},\"thumbnailUrl\":\"https:\\\/\\\/lumlux-art.com\\\/wp-content\\\/uploads\\\/2023\\\/03\\\/img_20200426_131847_661-scaled.jpg\",\"datePublished\":\"2023-04-10T12:27:03+00:00\",\"dateModified\":\"2026-01-08T08:13:42+00:00\",\"breadcrumb\":{\"@id\":\"http:\\\/\\\/lumlux-art.com\\\/pt\\\/antwerp-is-a-ghosttown\\\/#breadcrumb\"},\"inLanguage\":\"pt-PT\",\"potentialAction\":[{\"@type\":\"ReadAction\",\"target\":[\"http:\\\/\\\/lumlux-art.com\\\/pt\\\/antwerp-is-a-ghosttown\\\/\"]}]},{\"@type\":\"ImageObject\",\"inLanguage\":\"pt-PT\",\"@id\":\"http:\\\/\\\/lumlux-art.com\\\/pt\\\/antwerp-is-a-ghosttown\\\/#primaryimage\",\"url\":\"https:\\\/\\\/lumlux-art.com\\\/wp-content\\\/uploads\\\/2023\\\/03\\\/img_20200426_131847_661-scaled.jpg\",\"contentUrl\":\"https:\\\/\\\/lumlux-art.com\\\/wp-content\\\/uploads\\\/2023\\\/03\\\/img_20200426_131847_661-scaled.jpg\",\"width\":2560,\"height\":2560},{\"@type\":\"BreadcrumbList\",\"@id\":\"http:\\\/\\\/lumlux-art.com\\\/pt\\\/antwerp-is-a-ghosttown\\\/#breadcrumb\",\"itemListElement\":[{\"@type\":\"ListItem\",\"position\":1,\"name\":\"Home\",\"item\":\"http:\\\/\\\/lumlux-art.com\\\/en\\\/\"},{\"@type\":\"ListItem\",\"position\":2,\"name\":\"Antwerp is a &#8220;Ghosttown&#8221;\"}]},{\"@type\":\"WebSite\",\"@id\":\"http:\\\/\\\/lumlux-art.com\\\/en\\\/#website\",\"url\":\"http:\\\/\\\/lumlux-art.com\\\/en\\\/\",\"name\":\"Lumlux-Art\",\"description\":\"Where sound and form come together\",\"publisher\":{\"@id\":\"http:\\\/\\\/lumlux-art.com\\\/en\\\/#\\\/schema\\\/person\\\/270de42f2a17ed219c8041ad0b6f2f1e\"},\"potentialAction\":[{\"@type\":\"SearchAction\",\"target\":{\"@type\":\"EntryPoint\",\"urlTemplate\":\"http:\\\/\\\/lumlux-art.com\\\/en\\\/?s={search_term_string}\"},\"query-input\":{\"@type\":\"PropertyValueSpecification\",\"valueRequired\":true,\"valueName\":\"search_term_string\"}}],\"inLanguage\":\"pt-PT\"},{\"@type\":[\"Person\",\"Organization\"],\"@id\":\"http:\\\/\\\/lumlux-art.com\\\/en\\\/#\\\/schema\\\/person\\\/270de42f2a17ed219c8041ad0b6f2f1e\",\"name\":\"lumluxart\",\"image\":{\"@type\":\"ImageObject\",\"inLanguage\":\"pt-PT\",\"@id\":\"https:\\\/\\\/lumlux-art.com\\\/wp-content\\\/uploads\\\/2023\\\/06\\\/apple-touch-icon-144x144-1.png\",\"url\":\"https:\\\/\\\/lumlux-art.com\\\/wp-content\\\/uploads\\\/2023\\\/06\\\/apple-touch-icon-144x144-1.png\",\"contentUrl\":\"https:\\\/\\\/lumlux-art.com\\\/wp-content\\\/uploads\\\/2023\\\/06\\\/apple-touch-icon-144x144-1.png\",\"width\":144,\"height\":144,\"caption\":\"lumluxart\"},\"logo\":{\"@id\":\"https:\\\/\\\/lumlux-art.com\\\/wp-content\\\/uploads\\\/2023\\\/06\\\/apple-touch-icon-144x144-1.png\"},\"sameAs\":[\"https:\\\/\\\/uv03twbzltn.preview.infomaniak.website\",\"https:\\\/\\\/www.facebook.com\\\/LumluxArt\",\"https:\\\/\\\/www.instagram.com\\\/lumluxarts\\\/\",\"https:\\\/\\\/www.linkedin.com\\\/in\\\/frank-de-rop-8a7b3718\\\/\",\"https:\\\/\\\/www.youtube.com\\\/@fdr-sound\",\"https:\\\/\\\/soundcloud.com\\\/fdr-sound\"]}]}<\/script>\n<!-- \/ Yoast SEO Premium plugin. -->","yoast_head_json":{"title":"Antwerp is a \"Ghosttown\" - Lumlux Art","robots":{"index":"index","follow":"follow","max-snippet":"max-snippet:-1","max-image-preview":"max-image-preview:large","max-video-preview":"max-video-preview:-1"},"canonical":"http:\/\/lumlux-art.com\/pt\/antwerp-is-a-ghosttown\/","og_locale":"pt_PT","og_type":"article","og_title":"Antwerp is a \"Ghosttown\"","og_description":"Antwerp&#8217;s Streets Echo with Silence &#8211; My Haunting Photos of a City Frozen by Covid&#8221; The pandemic brought many cities around the world to a standstill, and Antwerp was no exception. As I roamed the empty streets with my camera in hand, I couldn&#8217;t help but feel like I was in a ghost town. The...","og_url":"http:\/\/lumlux-art.com\/pt\/antwerp-is-a-ghosttown\/","og_site_name":"Lumlux Art","article_publisher":"https:\/\/www.facebook.com\/LumluxArt","article_modified_time":"2026-01-08T08:13:42+00:00","og_image":[{"width":2560,"height":2560,"url":"http:\/\/lumlux-art.com\/wp-content\/uploads\/2023\/03\/img_20200426_131847_661-scaled.jpg","type":"image\/jpeg"}],"twitter_card":"summary_large_image","twitter_misc":{"Tempo estimado de leitura":"3 minutos"},"schema":{"@context":"https:\/\/schema.org","@graph":[{"@type":"WebPage","@id":"http:\/\/lumlux-art.com\/pt\/antwerp-is-a-ghosttown\/","url":"http:\/\/lumlux-art.com\/pt\/antwerp-is-a-ghosttown\/","name":"Antwerp is a \"Ghosttown\" - Lumlux Art","isPartOf":{"@id":"http:\/\/lumlux-art.com\/en\/#website"},"primaryImageOfPage":{"@id":"http:\/\/lumlux-art.com\/pt\/antwerp-is-a-ghosttown\/#primaryimage"},"image":{"@id":"http:\/\/lumlux-art.com\/pt\/antwerp-is-a-ghosttown\/#primaryimage"},"thumbnailUrl":"https:\/\/lumlux-art.com\/wp-content\/uploads\/2023\/03\/img_20200426_131847_661-scaled.jpg","datePublished":"2023-04-10T12:27:03+00:00","dateModified":"2026-01-08T08:13:42+00:00","breadcrumb":{"@id":"http:\/\/lumlux-art.com\/pt\/antwerp-is-a-ghosttown\/#breadcrumb"},"inLanguage":"pt-PT","potentialAction":[{"@type":"ReadAction","target":["http:\/\/lumlux-art.com\/pt\/antwerp-is-a-ghosttown\/"]}]},{"@type":"ImageObject","inLanguage":"pt-PT","@id":"http:\/\/lumlux-art.com\/pt\/antwerp-is-a-ghosttown\/#primaryimage","url":"https:\/\/lumlux-art.com\/wp-content\/uploads\/2023\/03\/img_20200426_131847_661-scaled.jpg","contentUrl":"https:\/\/lumlux-art.com\/wp-content\/uploads\/2023\/03\/img_20200426_131847_661-scaled.jpg","width":2560,"height":2560},{"@type":"BreadcrumbList","@id":"http:\/\/lumlux-art.com\/pt\/antwerp-is-a-ghosttown\/#breadcrumb","itemListElement":[{"@type":"ListItem","position":1,"name":"Home","item":"http:\/\/lumlux-art.com\/en\/"},{"@type":"ListItem","position":2,"name":"Antwerp is a &#8220;Ghosttown&#8221;"}]},{"@type":"WebSite","@id":"http:\/\/lumlux-art.com\/en\/#website","url":"http:\/\/lumlux-art.com\/en\/","name":"Lumlux-Art","description":"Onde som e forma se unem","publisher":{"@id":"http:\/\/lumlux-art.com\/en\/#\/schema\/person\/270de42f2a17ed219c8041ad0b6f2f1e"},"potentialAction":[{"@type":"SearchAction","target":{"@type":"EntryPoint","urlTemplate":"http:\/\/lumlux-art.com\/en\/?s={search_term_string}"},"query-input":{"@type":"PropertyValueSpecification","valueRequired":true,"valueName":"search_term_string"}}],"inLanguage":"pt-PT"},{"@type":["Person","Organization"],"@id":"http:\/\/lumlux-art.com\/en\/#\/schema\/person\/270de42f2a17ed219c8041ad0b6f2f1e","name":"lumluxart","image":{"@type":"ImageObject","inLanguage":"pt-PT","@id":"https:\/\/lumlux-art.com\/wp-content\/uploads\/2023\/06\/apple-touch-icon-144x144-1.png","url":"https:\/\/lumlux-art.com\/wp-content\/uploads\/2023\/06\/apple-touch-icon-144x144-1.png","contentUrl":"https:\/\/lumlux-art.com\/wp-content\/uploads\/2023\/06\/apple-touch-icon-144x144-1.png","width":144,"height":144,"caption":"lumluxart"},"logo":{"@id":"https:\/\/lumlux-art.com\/wp-content\/uploads\/2023\/06\/apple-touch-icon-144x144-1.png"},"sameAs":["https:\/\/uv03twbzltn.preview.infomaniak.website","https:\/\/www.facebook.com\/LumluxArt","https:\/\/www.instagram.com\/lumluxarts\/","https:\/\/www.linkedin.com\/in\/frank-de-rop-8a7b3718\/","https:\/\/www.youtube.com\/@fdr-sound","https:\/\/soundcloud.com\/fdr-sound"]}]}},"_links":{"self":[{"href":"https:\/\/lumlux-art.com\/pt\/wp-json\/wp\/v2\/pages\/381","targetHints":{"allow":["GET"]}}],"collection":[{"href":"https:\/\/lumlux-art.com\/pt\/wp-json\/wp\/v2\/pages"}],"about":[{"href":"https:\/\/lumlux-art.com\/pt\/wp-json\/wp\/v2\/types\/page"}],"author":[{"embeddable":true,"href":"https:\/\/lumlux-art.com\/pt\/wp-json\/wp\/v2\/users\/233238846"}],"replies":[{"embeddable":true,"href":"https:\/\/lumlux-art.com\/pt\/wp-json\/wp\/v2\/comments?post=381"}],"version-history":[{"count":28,"href":"https:\/\/lumlux-art.com\/pt\/wp-json\/wp\/v2\/pages\/381\/revisions"}],"predecessor-version":[{"id":57342,"href":"https:\/\/lumlux-art.com\/pt\/wp-json\/wp\/v2\/pages\/381\/revisions\/57342"}],"wp:featuredmedia":[{"embeddable":true,"href":"https:\/\/lumlux-art.com\/pt\/wp-json\/wp\/v2\/media\/399"}],"wp:attachment":[{"href":"https:\/\/lumlux-art.com\/pt\/wp-json\/wp\/v2\/media?parent=381"}],"curies":[{"name":"wp","href":"https:\/\/api.w.org\/{rel}","templated":true}]}}